{"id":27,"date":"2026-04-09T03:46:20","date_gmt":"2026-04-09T03:46:20","guid":{"rendered":"https:\/\/thaicareinsurance.de\/impressum\/"},"modified":"2026-04-09T05:17:23","modified_gmt":"2026-04-09T05:17:23","slug":"impressum","status":"publish","type":"page","link":"https:\/\/thaicareinsurance.de\/pl\/impressum\/","title":{"rendered":"Impressum"},"content":{"rendered":"<div class=\"wp-block-group alignfull is-style-ext-preset--group--natural-1--section has-background-background-color has-background has-global-padding is-layout-constrained wp-container-core-group-is-layout-6150fac0 wp-block-group-is-layout-constrained is-style-ext-preset--group--natural-1--section--1\" style=\"margin-top:0;margin-bottom:0;padding-top:var(--wp--preset--spacing--70);padding-bottom:var(--wp--preset--spacing--70)\">\n<p class=\"ext-animate--on\">Impressum<\/p>\n\n\n\n<p class=\"ext-animate--on\">Informacje zgodnie z \u00a7 5 TMG<\/p>\n\n\n\n<p class=\"ext-animate--on\">ThaiCare Ubezpieczenie Niemcy<br>Ubezpieczenie w Tajlandii<\/p>\n\n\n\n<p class=\"ext-animate--on\">Kontakt<br>Doradztwo i pierwszy kontakt przez WhatsApp<br>E-mail: info@thaicareinsurance.de<\/p>\n\n\n\n<p class=\"ext-animate--on\">Odpowiedzialny za tre\u015b\u0107 zgodnie z \u00a7 55 ust. 2 RStV:<br>ThaiCare Ubezpieczenie Niemcy<\/p>\n\n\n\n<p class=\"ext-animate--on\">Uwaga<br>Proces po\u015brednictwa ubezpieczeniowego i obs\u0142ugi um\u00f3w odbywa si\u0119 wy\u0142\u0105cznie za po\u015brednictwem licencjonowanych partner\u00f3w ubezpieczeniowych w Tajlandii.<\/p>\n<\/div>","protected":false},"excerpt":{"rendered":"<p>Impressum Angaben gem\u00e4\u00df \u00a7 5 TMG ThaiCare Insurance DeutschlandVersicherungsberatung f\u00fcr Thailand Kontakt:Beratung und Erstkontakt per WhatsAppE-Mail: info@thaicareinsurance.de Verantwortlich f\u00fcr den Inhalt nach \u00a7 55 Abs. 2 RStV:ThaiCare Insurance Deutschland Hinweis:Die Versicherungsvermittlung und Vertragsabwicklung erfolgt ausschlie\u00dflich \u00fcber lizenzierte Versicherungspartner in Thailand.<\/p>","protected":false},"author":1,"featured_media":0,"parent":0,"menu_order":0,"comment_status":"closed","ping_status":"closed","template":"page-with-title","meta":{"footnotes":""},"class_list":["post-27","page","type-page","status-publish","hentry"],"_links":{"self":[{"href":"https:\/\/thaicareinsurance.de\/pl\/wp-json\/wp\/v2\/pages\/27","targetHints":{"allow":["GET"]}}],"collection":[{"href":"https:\/\/thaicareinsurance.de\/pl\/wp-json\/wp\/v2\/pages"}],"about":[{"href":"https:\/\/thaicareinsurance.de\/pl\/wp-json\/wp\/v2\/types\/page"}],"author":[{"embeddable":true,"href":"https:\/\/thaicareinsurance.de\/pl\/wp-json\/wp\/v2\/users\/1"}],"replies":[{"embeddable":true,"href":"https:\/\/thaicareinsurance.de\/pl\/wp-json\/wp\/v2\/comments?post=27"}],"version-history":[{"count":2,"href":"https:\/\/thaicareinsurance.de\/pl\/wp-json\/wp\/v2\/pages\/27\/revisions"}],"predecessor-version":[{"id":57,"href":"https:\/\/thaicareinsurance.de\/pl\/wp-json\/wp\/v2\/pages\/27\/revisions\/57"}],"wp:attachment":[{"href":"https:\/\/thaicareinsurance.de\/pl\/wp-json\/wp\/v2\/media?parent=27"}],"curies":[{"name":"wp","href":"https:\/\/api.w.org\/{rel}","templated":true}]}}